{"id":9104,"date":"2023-03-21T20:00:20","date_gmt":"2023-03-21T20:00:20","guid":{"rendered":"http:\/\/bioplagas.srtv.cl\/?page_id=9104"},"modified":"2024-02-20T09:19:51","modified_gmt":"2024-02-20T12:19:51","slug":"empresa","status":"publish","type":"page","link":"https:\/\/drillman.cl\/index.php\/empresa\/","title":{"rendered":"Empresa"},"content":{"rendered":"<div class=\"wpb-content-wrapper\"><section class=\"l-section wpb_row height_custom with_img parallax_ver\"><div class=\"l-section-img\" style=\"background-image: url(https:\/\/drillman.cl\/wp-content\/uploads\/2024\/02\/REDISENO-DRILLMAN-02.png);background-repeat: no-repeat;\" data-img-width=\"1920\" data-img-height=\"1080\"><\/div><div class=\"l-section-h i-cf\"><div class=\"g-cols vc_row via_flex valign_top type_default stacking_default\"><div class=\"vc_col-sm-12 wpb_column vc_column_container\"><div class=\"vc_column-inner\"><div class=\"wpb_wrapper\"><div class=\"w-separator size_medium\"><\/div><div class=\"w-separator size_medium\"><\/div><h1 class=\"w-text us_custom_777b5a9d has_text_color us_animate_this\"><span class=\"w-text-h\"><span class=\"w-text-value\">BIENVENIDOS A DRILLMAN<\/span><\/span><\/h1><div class=\"g-cols wpb_row via_flex valign_top type_default stacking_default\"><div class=\"vc_col-sm-12 wpb_column vc_column_container\"><div class=\"vc_column-inner\"><div class=\"wpb_wrapper\"><div class=\"w-separator size_small\"><\/div><div class=\"wpb_text_column us_custom_c70a0ce4 has_text_color us_animate_this\"><div class=\"wpb_wrapper\"><p>Drillman se destaca como una empresa l\u00edder en el \u00e1mbito de las perforaciones en hormig\u00f3n, especializ\u00e1ndose en el sector de la construcci\u00f3n y ofreciendo sus servicios para una amplia gama de proyectos, tanto p\u00fablicos como privados, que abarcan desde obras civiles hasta edificaciones o remodelaciones.<\/p>\n<p>Nuestra empresa cuenta con una vasta experiencia en este sector, respaldada por un equipo de profesionales altamente cualificados y una maquinaria especializada para cada tipo de trabajo. Esto nos permite garantizar la calidad y un acabado impecable en todos nuestros proyectos, cumpliendo siempre con los plazos establecidos.<\/p>\n<p>Entre los servicios que ofrecemos se encuentran las perforaciones diamantadas con m\u00e1quina testiguera, con di\u00e1metros que van desde 1\/2&#8243; hasta 12&#8243;. Realizamos todo tipo de pasadas el\u00e9ctricas, sanitarias, ventilaciones, vanos, red seca, entre otros. Hemos colaborado en obras para empresas constructoras, contratistas de instalaciones el\u00e9ctricas y sanitarias, as\u00ed como para clientes particulares, destac\u00e1ndonos por nuestra profesionalidad y compromiso en cada proyecto.<\/p>\n<\/div><\/div><div class=\"w-separator size_medium\"><\/div><\/div><\/div><\/div><\/div><div class=\"g-cols wpb_row us_custom_60e9caca us_animate_this via_flex valign_bottom type_default stacking_default\" id=\"recortarImg\"><div class=\"vc_col-sm-4 wpb_column vc_column_container  has_bg_color has-link\"><div class=\"vc_column-inner us_custom_2a424b4a us_animate_this\"><div class=\"wpb_wrapper\"><h1 class=\"w-text us_custom_b26b32f7 has_text_color\"><span class=\"w-text-h\"><span class=\"w-text-value\">PERFORACI\u00d3N MURO<\/span><\/span><\/h1><div class=\"w-image us_custom_7e20fa79 us_animate_this align_center\" id=\"back3\"><div class=\"w-image-h\"><img loading=\"lazy\" decoding=\"async\" width=\"648\" height=\"1024\" src=\"https:\/\/drillman.cl\/wp-content\/uploads\/2024\/02\/empresa-perforacion-a-muro-648x1024.jpeg\" class=\"attachment-large size-large\" alt=\"\" srcset=\"https:\/\/drillman.cl\/wp-content\/uploads\/2024\/02\/empresa-perforacion-a-muro-648x1024.jpeg 648w, https:\/\/drillman.cl\/wp-content\/uploads\/2024\/02\/empresa-perforacion-a-muro-190x300.jpeg 190w, https:\/\/drillman.cl\/wp-content\/uploads\/2024\/02\/empresa-perforacion-a-muro-972x1536.jpeg 972w, https:\/\/drillman.cl\/wp-content\/uploads\/2024\/02\/empresa-perforacion-a-muro-600x949.jpeg 600w, https:\/\/drillman.cl\/wp-content\/uploads\/2024\/02\/empresa-perforacion-a-muro.jpeg 1012w\" sizes=\"(max-width: 648px) 100vw, 648px\" \/><\/div><\/div><\/div><\/div><a href=\"\/index.php\/producto\/perforaciones-en-muro-de-hormigon-armado\/\" class=\"vc_column-link smooth-scroll\" aria-label=\"Enlace\"><\/a><\/div><div class=\"vc_col-sm-4 wpb_column vc_column_container  has_bg_color has-link\"><div class=\"vc_column-inner us_custom_348b7bf9 us_animate_this\"><div class=\"wpb_wrapper\"><h1 class=\"w-text us_custom_b26b32f7 has_text_color\"><span class=\"w-text-h\"><span class=\"w-text-value\">PERFORACI\u00d3N LOSA<\/span><\/span><\/h1><div class=\"w-image us_custom_60e9caca us_animate_this align_center\" id=\"back3\"><div class=\"w-image-h\"><img loading=\"lazy\" decoding=\"async\" width=\"834\" height=\"1024\" src=\"https:\/\/drillman.cl\/wp-content\/uploads\/2024\/02\/empresa-perforacion-a-losa-834x1024.jpeg\" class=\"attachment-large size-large\" alt=\"\" srcset=\"https:\/\/drillman.cl\/wp-content\/uploads\/2024\/02\/empresa-perforacion-a-losa-834x1024.jpeg 834w, https:\/\/drillman.cl\/wp-content\/uploads\/2024\/02\/empresa-perforacion-a-losa-244x300.jpeg 244w, https:\/\/drillman.cl\/wp-content\/uploads\/2024\/02\/empresa-perforacion-a-losa-600x737.jpeg 600w, https:\/\/drillman.cl\/wp-content\/uploads\/2024\/02\/empresa-perforacion-a-losa.jpeg 1170w\" sizes=\"(max-width: 834px) 100vw, 834px\" \/><\/div><\/div><\/div><\/div><a href=\"\/index.php\/producto\/corte-y-perforacion-de-losa\/\" class=\"vc_column-link smooth-scroll\" aria-label=\"Enlace\"><\/a><\/div><div class=\"vc_col-sm-4 wpb_column vc_column_container  has_bg_color has-link\"><div class=\"vc_column-inner us_custom_1325fa11 us_animate_this\"><div class=\"wpb_wrapper\"><h1 class=\"w-text us_custom_8dfb3232 has_text_color\"><span class=\"w-text-h\"><span class=\"w-text-value\">Demolici\u00f3n controlada; con disco e hilo diamantado<\/span><\/span><\/h1><div class=\"w-image us_custom_47474b22 us_animate_this align_center\" id=\"back3\"><div class=\"w-image-h\"><img loading=\"lazy\" decoding=\"async\" width=\"646\" height=\"1024\" src=\"https:\/\/drillman.cl\/wp-content\/uploads\/2024\/02\/empresa-demolicion-controlada-646x1024.jpeg\" class=\"attachment-large size-large\" alt=\"\" srcset=\"https:\/\/drillman.cl\/wp-content\/uploads\/2024\/02\/empresa-demolicion-controlada-646x1024.jpeg 646w, https:\/\/drillman.cl\/wp-content\/uploads\/2024\/02\/empresa-demolicion-controlada-189x300.jpeg 189w, https:\/\/drillman.cl\/wp-content\/uploads\/2024\/02\/empresa-demolicion-controlada-970x1536.jpeg 970w, https:\/\/drillman.cl\/wp-content\/uploads\/2024\/02\/empresa-demolicion-controlada-600x950.jpeg 600w, https:\/\/drillman.cl\/wp-content\/uploads\/2024\/02\/empresa-demolicion-controlada.jpeg 1010w\" sizes=\"(max-width: 646px) 100vw, 646px\" \/><\/div><\/div><\/div><\/div><a href=\"\/index.php\/producto\/demoliciones-menores\/\" class=\"vc_column-link smooth-scroll\" aria-label=\"Enlace\"><\/a><\/div><\/div><\/div><\/div><\/div><\/div><\/div><\/section>\n<\/div>","protected":false},"excerpt":{"rendered":"BIENVENIDOS A DRILLMANDrillman se destaca como una empresa l\u00edder en el \u00e1mbito de las perforaciones en hormig\u00f3n, especializ\u00e1ndose en el sector de la construcci\u00f3n y ofreciendo sus servicios para una amplia gama de proyectos, tanto p\u00fablicos como privados, que abarcan desde obras civiles hasta edificaciones o remodelaciones. Nuestra empresa cuenta con una vasta experiencia en...","protected":false},"author":3,"featured_media":0,"parent":0,"menu_order":0,"comment_status":"closed","ping_status":"closed","template":"","meta":{"footnotes":""},"acf":[],"_links":{"self":[{"href":"https:\/\/drillman.cl\/index.php\/wp-json\/wp\/v2\/pages\/9104"}],"collection":[{"href":"https:\/\/drillman.cl\/index.php\/wp-json\/wp\/v2\/pages"}],"about":[{"href":"https:\/\/drillman.cl\/index.php\/wp-json\/wp\/v2\/types\/page"}],"author":[{"embeddable":true,"href":"https:\/\/drillman.cl\/index.php\/wp-json\/wp\/v2\/users\/3"}],"replies":[{"embeddable":true,"href":"https:\/\/drillman.cl\/index.php\/wp-json\/wp\/v2\/comments?post=9104"}],"version-history":[{"count":36,"href":"https:\/\/drillman.cl\/index.php\/wp-json\/wp\/v2\/pages\/9104\/revisions"}],"predecessor-version":[{"id":9568,"href":"https:\/\/drillman.cl\/index.php\/wp-json\/wp\/v2\/pages\/9104\/revisions\/9568"}],"wp:attachment":[{"href":"https:\/\/drillman.cl\/index.php\/wp-json\/wp\/v2\/media?parent=9104"}],"curies":[{"name":"wp","href":"https:\/\/api.w.org\/{rel}","templated":true}]}}