{"id":9281,"date":"2024-02-13T14:46:17","date_gmt":"2024-02-13T17:46:17","guid":{"rendered":"https:\/\/drillman.cl\/?page_id=9281"},"modified":"2024-02-20T11:13:07","modified_gmt":"2024-02-20T14:13:07","slug":"servicios","status":"publish","type":"page","link":"https:\/\/drillman.cl\/index.php\/servicios\/","title":{"rendered":"Servicios"},"content":{"rendered":"<div class=\"wpb-content-wrapper\"><section class=\"l-section wpb_row height_auto\"><div class=\"l-section-h i-cf\"><div class=\"g-cols vc_row via_flex valign_top type_default stacking_default\"><div class=\"vc_col-sm-12 wpb_column vc_column_container\"><div class=\"vc_column-inner\"><div class=\"wpb_wrapper\"><div class=\"w-separator size_medium\"><\/div><div class=\"w-separator size_small\"><\/div><\/div><\/div><\/div><\/div><\/div><\/section><section class=\"l-section wpb_row height_custom parallax_ver\"><div class=\"l-section-h i-cf\"><div class=\"g-cols vc_row via_flex valign_top type_default stacking_default\"><div class=\"vc_col-sm-12 wpb_column vc_column_container\"><div class=\"vc_column-inner\"><div class=\"wpb_wrapper\"><div class=\"w-hwrapper align_center valign_middle\" style=\"--hwrapper-gap:1.20rem\"><h1 class=\"w-text us_custom_c4ed776c has_text_color\"><span class=\"w-text-h\"><span class=\"w-text-value\">SERVICIOS<\/span><\/span><\/h1><\/div><div class=\"w-separator size_medium\"><\/div><div class=\"w-grid type_grid layout_9385 cols_3 with_pagination\" id=\"us_grid_1\" data-filterable=\"true\"><style>#us_grid_1 .w-grid-item{padding:1.5rem}#us_grid_1 .w-grid-list{margin:-1.5rem -1.5rem 1.5rem}.w-grid + #us_grid_1 .w-grid-list,.w-grid-none + #us_grid_1 .w-grid-list{margin-top:1.5rem}@media (max-width:899px){#us_grid_1 .w-grid-item{width:50%}}@media (max-width:599px){#us_grid_1 .w-grid-list{margin:0}#us_grid_1 .w-grid-item{width:100%;padding:0;margin-bottom:1.5rem}}.layout_9385 .w-grid-item-h{}.layout_9385 .usg_post_image_1{height:300px!important}.layout_9385 .usg_vwrapper_1{border-radius:15px!important;border-color:#186FCC!important;animation-name:afc!important;padding:10px!important;border-style:solid!important;border-width:1 1 1 1px!important}.layout_9385 .usg_post_title_1{color:#186FCC!important;text-align:center!important;font-size:20px!important;font-weight:500!important;height:90px!important}.layout_9385 .usg_btn_1{color:#ffffff!important;text-align:center!important;background:#186FCC!important}@media (min-width:1025px) and (max-width:1280px){.layout_9385 .usg_post_title_1{color:#186FCC!important;text-align:center!important;font-size:16px!important;font-weight:500!important}}@media (min-width:601px) and (max-width:1024px){.layout_9385 .usg_post_title_1{color:#186FCC!important;text-align:center!important;font-size:16px!important;font-weight:500!important}}@media (max-width:600px){.layout_9385 .usg_post_title_1{color:#186FCC!important;text-align:center!important;font-size:16px!important;font-weight:500!important}}<\/style><div class=\"w-grid-list\">\t<article class=\"w-grid-item size_1x1 post-9470 product type-product status-publish has-post-thumbnail product_cat-demoliciones first instock shipping-taxable product-type-simple\" data-id=\"9470\">\r\n\t\t<div class=\"w-grid-item-h\">\r\n\t\t\t\t\t\t<div class=\"w-vwrapper usg_vwrapper_1 us_animate_this align_none valign_top\"><h1 class=\"w-post-elm post_title usg_post_title_1 align_center woocommerce-loop-product__title color_link_inherit\"><a href=\"https:\/\/drillman.cl\/index.php\/producto\/demoliciones-menores-2\/\">Demoliciones menores<\/a><\/h1><div class=\"w-post-elm post_image usg_post_image_1 objectImg has_height stretched\"><a href=\"https:\/\/drillman.cl\/index.php\/producto\/demoliciones-menores-2\/\" aria-label=\"Demoliciones menores\"><img loading=\"lazy\" decoding=\"async\" width=\"600\" height=\"600\" src=\"https:\/\/drillman.cl\/wp-content\/uploads\/2024\/02\/Demoliciones-menores-1.jpg\" class=\"attachment-large size-large wp-post-image\" alt=\"\" srcset=\"https:\/\/drillman.cl\/wp-content\/uploads\/2024\/02\/Demoliciones-menores-1.jpg 600w, https:\/\/drillman.cl\/wp-content\/uploads\/2024\/02\/Demoliciones-menores-1-300x300.jpg 300w, https:\/\/drillman.cl\/wp-content\/uploads\/2024\/02\/Demoliciones-menores-1-150x150.jpg 150w\" sizes=\"(max-width: 600px) 100vw, 600px\" \/><\/a><\/div><a class=\"w-btn us-btn-style_1 usg_btn_1\" href=\"https:\/\/drillman.cl\/index.php\/producto\/demoliciones-menores-2\/\"><span class=\"w-btn-label\">Ver M\u00e1s<\/span><\/a><\/div>\t\t<\/div>\r\n\t<\/article>\r\n\t<article class=\"w-grid-item size_1x1 post-9447 product type-product status-publish has-post-thumbnail product_cat-pulido-de-hormigon  instock shipping-taxable product-type-simple\" data-id=\"9447\">\r\n\t\t<div class=\"w-grid-item-h\">\r\n\t\t\t\t\t\t<div class=\"w-vwrapper usg_vwrapper_1 us_animate_this align_none valign_top\"><h1 class=\"w-post-elm post_title usg_post_title_1 align_center woocommerce-loop-product__title color_link_inherit\"><a href=\"https:\/\/drillman.cl\/index.php\/producto\/pulido-de-pisos-de-hormigon\/\">Pulido diamantado de hormig\u00f3n<\/a><\/h1><div class=\"w-post-elm post_image usg_post_image_1 objectImg has_height stretched\"><a href=\"https:\/\/drillman.cl\/index.php\/producto\/pulido-de-pisos-de-hormigon\/\" aria-label=\"Pulido diamantado de hormig\u00f3n\"><img loading=\"lazy\" decoding=\"async\" width=\"1024\" height=\"638\" src=\"https:\/\/drillman.cl\/wp-content\/uploads\/2024\/02\/Pulido-diamentado-de-hormigon-1024x638.jpeg\" class=\"attachment-large size-large wp-post-image\" alt=\"\" srcset=\"https:\/\/drillman.cl\/wp-content\/uploads\/2024\/02\/Pulido-diamentado-de-hormigon-1024x638.jpeg 1024w, https:\/\/drillman.cl\/wp-content\/uploads\/2024\/02\/Pulido-diamentado-de-hormigon-300x187.jpeg 300w, https:\/\/drillman.cl\/wp-content\/uploads\/2024\/02\/Pulido-diamentado-de-hormigon-600x374.jpeg 600w, https:\/\/drillman.cl\/wp-content\/uploads\/2024\/02\/Pulido-diamentado-de-hormigon.jpeg 1170w\" sizes=\"(max-width: 1024px) 100vw, 1024px\" \/><\/a><\/div><a class=\"w-btn us-btn-style_1 usg_btn_1\" href=\"https:\/\/drillman.cl\/index.php\/producto\/pulido-de-pisos-de-hormigon\/\"><span class=\"w-btn-label\">Ver M\u00e1s<\/span><\/a><\/div>\t\t<\/div>\r\n\t<\/article>\r\n\t<article class=\"w-grid-item size_1x1 post-9443 product type-product status-publish has-post-thumbnail product_cat-pulido-de-hormigon  instock shipping-taxable product-type-simple\" data-id=\"9443\">\r\n\t\t<div class=\"w-grid-item-h\">\r\n\t\t\t\t\t\t<div class=\"w-vwrapper usg_vwrapper_1 us_animate_this align_none valign_top\"><h1 class=\"w-post-elm post_title usg_post_title_1 align_center woocommerce-loop-product__title color_link_inherit\"><a href=\"https:\/\/drillman.cl\/index.php\/producto\/hormigon-pulido-pisos-decorativos\/\">Pulido de pisos decorativos<\/a><\/h1><div class=\"w-post-elm post_image usg_post_image_1 objectImg has_height stretched\"><a href=\"https:\/\/drillman.cl\/index.php\/producto\/hormigon-pulido-pisos-decorativos\/\" aria-label=\"Pulido de pisos decorativos\"><img loading=\"lazy\" decoding=\"async\" width=\"646\" height=\"679\" src=\"https:\/\/drillman.cl\/wp-content\/uploads\/2024\/02\/hormigon-pulido-pisos-decorativos-2-e1708363207240.jpg\" class=\"attachment-large size-large wp-post-image\" alt=\"Hormig\u00f3n pulido pisos decorativos\" srcset=\"https:\/\/drillman.cl\/wp-content\/uploads\/2024\/02\/hormigon-pulido-pisos-decorativos-2-e1708363207240.jpg 646w, https:\/\/drillman.cl\/wp-content\/uploads\/2024\/02\/hormigon-pulido-pisos-decorativos-2-e1708363207240-285x300.jpg 285w, https:\/\/drillman.cl\/wp-content\/uploads\/2024\/02\/hormigon-pulido-pisos-decorativos-2-e1708363207240-600x631.jpg 600w\" sizes=\"(max-width: 646px) 100vw, 646px\" \/><\/a><\/div><a class=\"w-btn us-btn-style_1 usg_btn_1\" href=\"https:\/\/drillman.cl\/index.php\/producto\/hormigon-pulido-pisos-decorativos\/\"><span class=\"w-btn-label\">Ver M\u00e1s<\/span><\/a><\/div>\t\t<\/div>\r\n\t<\/article>\r\n\t<article class=\"w-grid-item size_1x1 post-9441 product type-product status-publish has-post-thumbnail product_cat-pulido-de-hormigon last instock shipping-taxable product-type-simple\" data-id=\"9441\">\r\n\t\t<div class=\"w-grid-item-h\">\r\n\t\t\t\t\t\t<div class=\"w-vwrapper usg_vwrapper_1 us_animate_this align_none valign_top\"><h1 class=\"w-post-elm post_title usg_post_title_1 align_center woocommerce-loop-product__title color_link_inherit\"><a href=\"https:\/\/drillman.cl\/index.php\/producto\/pulido-de-pisos-industriales\/\">Pulido de pisos industriales<\/a><\/h1><div class=\"w-post-elm post_image usg_post_image_1 objectImg has_height stretched\"><a href=\"https:\/\/drillman.cl\/index.php\/producto\/pulido-de-pisos-industriales\/\" aria-label=\"Pulido de pisos industriales\"><img loading=\"lazy\" decoding=\"async\" width=\"580\" height=\"580\" src=\"https:\/\/drillman.cl\/wp-content\/uploads\/2024\/02\/maquina-DURATIQ-T-5.jpg\" class=\"attachment-large size-large wp-post-image\" alt=\"maquina DURATIQ T-5\" srcset=\"https:\/\/drillman.cl\/wp-content\/uploads\/2024\/02\/maquina-DURATIQ-T-5.jpg 580w, https:\/\/drillman.cl\/wp-content\/uploads\/2024\/02\/maquina-DURATIQ-T-5-300x300.jpg 300w, https:\/\/drillman.cl\/wp-content\/uploads\/2024\/02\/maquina-DURATIQ-T-5-150x150.jpg 150w\" sizes=\"(max-width: 580px) 100vw, 580px\" \/><\/a><\/div><a class=\"w-btn us-btn-style_1 usg_btn_1\" href=\"https:\/\/drillman.cl\/index.php\/producto\/pulido-de-pisos-industriales\/\"><span class=\"w-btn-label\">Ver M\u00e1s<\/span><\/a><\/div>\t\t<\/div>\r\n\t<\/article>\r\n\t<article class=\"w-grid-item size_1x1 post-9439 product type-product status-publish has-post-thumbnail product_cat-demoliciones first instock shipping-taxable product-type-simple\" data-id=\"9439\">\r\n\t\t<div class=\"w-grid-item-h\">\r\n\t\t\t\t\t\t<div class=\"w-vwrapper usg_vwrapper_1 us_animate_this align_none valign_top\"><h1 class=\"w-post-elm post_title usg_post_title_1 align_center woocommerce-loop-product__title color_link_inherit\"><a href=\"https:\/\/drillman.cl\/index.php\/producto\/demoliciones-controladas-en-hormigon-armado\/\">Demolici\u00f3n controlada; corte con disco diamantado<\/a><\/h1><div class=\"w-post-elm post_image usg_post_image_1 objectImg has_height stretched\"><a href=\"https:\/\/drillman.cl\/index.php\/producto\/demoliciones-controladas-en-hormigon-armado\/\" aria-label=\"Demolici\u00f3n controlada; corte con disco diamantado\"><img loading=\"lazy\" decoding=\"async\" width=\"400\" height=\"395\" src=\"https:\/\/drillman.cl\/wp-content\/uploads\/2024\/02\/Demolicion-controlada-corte-con-disco-diamantado.jpg\" class=\"attachment-large size-large wp-post-image\" alt=\"Demolici\u00f3n controlada; corte con disco diamantado\" srcset=\"https:\/\/drillman.cl\/wp-content\/uploads\/2024\/02\/Demolicion-controlada-corte-con-disco-diamantado.jpg 400w, https:\/\/drillman.cl\/wp-content\/uploads\/2024\/02\/Demolicion-controlada-corte-con-disco-diamantado-300x296.jpg 300w\" sizes=\"(max-width: 400px) 100vw, 400px\" \/><\/a><\/div><a class=\"w-btn us-btn-style_1 usg_btn_1\" href=\"https:\/\/drillman.cl\/index.php\/producto\/demoliciones-controladas-en-hormigon-armado\/\"><span class=\"w-btn-label\">Ver M\u00e1s<\/span><\/a><\/div>\t\t<\/div>\r\n\t<\/article>\r\n\t<article class=\"w-grid-item size_1x1 post-9437 product type-product status-publish has-post-thumbnail product_cat-perforacion-y-corte-de-hormigon  instock shipping-taxable product-type-simple\" data-id=\"9437\">\r\n\t\t<div class=\"w-grid-item-h\">\r\n\t\t\t\t\t\t<div class=\"w-vwrapper usg_vwrapper_1 us_animate_this align_none valign_top\"><h1 class=\"w-post-elm post_title usg_post_title_1 align_center woocommerce-loop-product__title color_link_inherit\"><a href=\"https:\/\/drillman.cl\/index.php\/producto\/corte-de-concreto-armado-con-hilo-y-disco-diamantado\/\">Corte de hormig\u00f3n armado; con disco o hilo diamantado<\/a><\/h1><div class=\"w-post-elm post_image usg_post_image_1 objectImg has_height stretched\"><a href=\"https:\/\/drillman.cl\/index.php\/producto\/corte-de-concreto-armado-con-hilo-y-disco-diamantado\/\" aria-label=\"Corte de hormig\u00f3n armado; con disco o hilo diamantado\"><img loading=\"lazy\" decoding=\"async\" width=\"576\" height=\"1024\" src=\"https:\/\/drillman.cl\/wp-content\/uploads\/2024\/02\/Corte-de-Concreto-Armado-con-Hilo-y-Disco-Diamantado-1-576x1024.jpg\" class=\"attachment-large size-large wp-post-image\" alt=\"\" srcset=\"https:\/\/drillman.cl\/wp-content\/uploads\/2024\/02\/Corte-de-Concreto-Armado-con-Hilo-y-Disco-Diamantado-1-576x1024.jpg 576w, https:\/\/drillman.cl\/wp-content\/uploads\/2024\/02\/Corte-de-Concreto-Armado-con-Hilo-y-Disco-Diamantado-1-169x300.jpg 169w, https:\/\/drillman.cl\/wp-content\/uploads\/2024\/02\/Corte-de-Concreto-Armado-con-Hilo-y-Disco-Diamantado-1-600x1067.jpg 600w, https:\/\/drillman.cl\/wp-content\/uploads\/2024\/02\/Corte-de-Concreto-Armado-con-Hilo-y-Disco-Diamantado-1.jpg 720w\" sizes=\"(max-width: 576px) 100vw, 576px\" \/><\/a><\/div><a class=\"w-btn us-btn-style_1 usg_btn_1\" href=\"https:\/\/drillman.cl\/index.php\/producto\/corte-de-concreto-armado-con-hilo-y-disco-diamantado\/\"><span class=\"w-btn-label\">Ver M\u00e1s<\/span><\/a><\/div>\t\t<\/div>\r\n\t<\/article>\r\n\t<article class=\"w-grid-item size_1x1 post-9435 product type-product status-publish has-post-thumbnail product_cat-perforacion-y-corte-de-hormigon  instock shipping-taxable product-type-simple\" data-id=\"9435\">\r\n\t\t<div class=\"w-grid-item-h\">\r\n\t\t\t\t\t\t<div class=\"w-vwrapper usg_vwrapper_1 us_animate_this align_none valign_top\"><h1 class=\"w-post-elm post_title usg_post_title_1 align_center woocommerce-loop-product__title color_link_inherit\"><a href=\"https:\/\/drillman.cl\/index.php\/producto\/perforaciones-en-muro-de-hormigon-armado\/\">Perforaciones en losa o muro de hormig\u00f3n armado<\/a><\/h1><div class=\"w-post-elm post_image usg_post_image_1 objectImg has_height stretched\"><a href=\"https:\/\/drillman.cl\/index.php\/producto\/perforaciones-en-muro-de-hormigon-armado\/\" aria-label=\"Perforaciones en losa o muro de hormig\u00f3n armado\"><img loading=\"lazy\" decoding=\"async\" width=\"600\" height=\"600\" src=\"https:\/\/drillman.cl\/wp-content\/uploads\/2024\/02\/Perforaciones-en-muro-de-hormigon-armado-1.jpg\" class=\"attachment-large size-large wp-post-image\" alt=\"\" srcset=\"https:\/\/drillman.cl\/wp-content\/uploads\/2024\/02\/Perforaciones-en-muro-de-hormigon-armado-1.jpg 600w, https:\/\/drillman.cl\/wp-content\/uploads\/2024\/02\/Perforaciones-en-muro-de-hormigon-armado-1-300x300.jpg 300w, https:\/\/drillman.cl\/wp-content\/uploads\/2024\/02\/Perforaciones-en-muro-de-hormigon-armado-1-150x150.jpg 150w\" sizes=\"(max-width: 600px) 100vw, 600px\" \/><\/a><\/div><a class=\"w-btn us-btn-style_1 usg_btn_1\" href=\"https:\/\/drillman.cl\/index.php\/producto\/perforaciones-en-muro-de-hormigon-armado\/\"><span class=\"w-btn-label\">Ver M\u00e1s<\/span><\/a><\/div>\t\t<\/div>\r\n\t<\/article>\r\n\t<article class=\"w-grid-item size_1x1 post-9433 product type-product status-publish has-post-thumbnail product_cat-perforacion-y-corte-de-hormigon last instock shipping-taxable product-type-simple\" data-id=\"9433\">\r\n\t\t<div class=\"w-grid-item-h\">\r\n\t\t\t\t\t\t<div class=\"w-vwrapper usg_vwrapper_1 us_animate_this align_none valign_top\"><h1 class=\"w-post-elm post_title usg_post_title_1 align_center woocommerce-loop-product__title color_link_inherit\"><a href=\"https:\/\/drillman.cl\/index.php\/producto\/corte-muro-de-hormigon-con-disco-diamantado\/\">Corte muro de hormig\u00f3n con disco diamantado<\/a><\/h1><div class=\"w-post-elm post_image usg_post_image_1 objectImg has_height stretched\"><a href=\"https:\/\/drillman.cl\/index.php\/producto\/corte-muro-de-hormigon-con-disco-diamantado\/\" aria-label=\"Corte muro de hormig\u00f3n con disco diamantado\"><img loading=\"lazy\" decoding=\"async\" width=\"576\" height=\"1024\" src=\"https:\/\/drillman.cl\/wp-content\/uploads\/2024\/02\/corte-muro.jpg\" class=\"attachment-large size-large wp-post-image\" alt=\"\" srcset=\"https:\/\/drillman.cl\/wp-content\/uploads\/2024\/02\/corte-muro.jpg 576w, https:\/\/drillman.cl\/wp-content\/uploads\/2024\/02\/corte-muro-169x300.jpg 169w\" sizes=\"(max-width: 576px) 100vw, 576px\" \/><\/a><\/div><a class=\"w-btn us-btn-style_1 usg_btn_1\" href=\"https:\/\/drillman.cl\/index.php\/producto\/corte-muro-de-hormigon-con-disco-diamantado\/\"><span class=\"w-btn-label\">Ver M\u00e1s<\/span><\/a><\/div>\t\t<\/div>\r\n\t<\/article>\r\n\t<article class=\"w-grid-item size_1x1 post-9431 product type-product status-publish has-post-thumbnail product_cat-perforacion-y-corte-de-hormigon first instock shipping-taxable product-type-simple\" data-id=\"9431\">\r\n\t\t<div class=\"w-grid-item-h\">\r\n\t\t\t\t\t\t<div class=\"w-vwrapper usg_vwrapper_1 us_animate_this align_none valign_top\"><h1 class=\"w-post-elm post_title usg_post_title_1 align_center woocommerce-loop-product__title color_link_inherit\"><a href=\"https:\/\/drillman.cl\/index.php\/producto\/corte-y-perforacion-de-losa\/\">Corte y perforaci\u00f3n de losa<\/a><\/h1><div class=\"w-post-elm post_image usg_post_image_1 objectImg has_height stretched\"><a href=\"https:\/\/drillman.cl\/index.php\/producto\/corte-y-perforacion-de-losa\/\" aria-label=\"Corte y perforaci\u00f3n de losa\"><img loading=\"lazy\" decoding=\"async\" width=\"576\" height=\"1024\" src=\"https:\/\/drillman.cl\/wp-content\/uploads\/2024\/02\/corte-y-perforacion-losa-576x1024.jpeg\" class=\"attachment-large size-large wp-post-image\" alt=\"Corte y perforaci\u00f3n de losa\" srcset=\"https:\/\/drillman.cl\/wp-content\/uploads\/2024\/02\/corte-y-perforacion-losa-576x1024.jpeg 576w, https:\/\/drillman.cl\/wp-content\/uploads\/2024\/02\/corte-y-perforacion-losa-169x300.jpeg 169w, https:\/\/drillman.cl\/wp-content\/uploads\/2024\/02\/corte-y-perforacion-losa-600x1067.jpeg 600w, https:\/\/drillman.cl\/wp-content\/uploads\/2024\/02\/corte-y-perforacion-losa.jpeg 720w\" sizes=\"(max-width: 576px) 100vw, 576px\" \/><\/a><\/div><a class=\"w-btn us-btn-style_1 usg_btn_1\" href=\"https:\/\/drillman.cl\/index.php\/producto\/corte-y-perforacion-de-losa\/\"><span class=\"w-btn-label\">Ver M\u00e1s<\/span><\/a><\/div>\t\t<\/div>\r\n\t<\/article>\r\n\t<article class=\"w-grid-item size_1x1 post-9429 product type-product status-publish has-post-thumbnail product_cat-perforacion-y-corte-de-hormigon  instock shipping-taxable product-type-simple\" data-id=\"9429\">\r\n\t\t<div class=\"w-grid-item-h\">\r\n\t\t\t\t\t\t<div class=\"w-vwrapper usg_vwrapper_1 us_animate_this align_none valign_top\"><h1 class=\"w-post-elm post_title usg_post_title_1 align_center woocommerce-loop-product__title color_link_inherit\"><a href=\"https:\/\/drillman.cl\/index.php\/producto\/instalacion-de-anclajes-quimicos-y-mecanicos-certificados\/\">Instalaci\u00f3n de Anclajes Qu\u00edmicos y Mec\u00e1nicos Certificados<\/a><\/h1><div class=\"w-post-elm post_image usg_post_image_1 objectImg has_height stretched\"><a href=\"https:\/\/drillman.cl\/index.php\/producto\/instalacion-de-anclajes-quimicos-y-mecanicos-certificados\/\" aria-label=\"Instalaci\u00f3n de Anclajes Qu\u00edmicos y Mec\u00e1nicos Certificados\"><img loading=\"lazy\" decoding=\"async\" width=\"600\" height=\"600\" src=\"https:\/\/drillman.cl\/wp-content\/uploads\/2024\/02\/Instalacion-de-anclajes-quimicos-y-mecanicos_.jpg\" class=\"attachment-large size-large wp-post-image\" alt=\"\" srcset=\"https:\/\/drillman.cl\/wp-content\/uploads\/2024\/02\/Instalacion-de-anclajes-quimicos-y-mecanicos_.jpg 600w, https:\/\/drillman.cl\/wp-content\/uploads\/2024\/02\/Instalacion-de-anclajes-quimicos-y-mecanicos_-300x300.jpg 300w, https:\/\/drillman.cl\/wp-content\/uploads\/2024\/02\/Instalacion-de-anclajes-quimicos-y-mecanicos_-150x150.jpg 150w\" sizes=\"(max-width: 600px) 100vw, 600px\" \/><\/a><\/div><a class=\"w-btn us-btn-style_1 usg_btn_1\" href=\"https:\/\/drillman.cl\/index.php\/producto\/instalacion-de-anclajes-quimicos-y-mecanicos-certificados\/\"><span class=\"w-btn-label\">Ver M\u00e1s<\/span><\/a><\/div>\t\t<\/div>\r\n\t<\/article>\r\n\t<article class=\"w-grid-item size_1x1 post-9427 product type-product status-publish has-post-thumbnail product_cat-perforacion-y-corte-de-hormigon  instock shipping-taxable product-type-simple\" data-id=\"9427\">\r\n\t\t<div class=\"w-grid-item-h\">\r\n\t\t\t\t\t\t<div class=\"w-vwrapper usg_vwrapper_1 us_animate_this align_none valign_top\"><h1 class=\"w-post-elm post_title usg_post_title_1 align_center woocommerce-loop-product__title color_link_inherit\"><a href=\"https:\/\/drillman.cl\/index.php\/producto\/perforacion-con-testiguera\/\">Perforaci\u00f3n con testiguera en pilas de fundaci\u00f3n<\/a><\/h1><div class=\"w-post-elm post_image usg_post_image_1 objectImg has_height stretched\"><a href=\"https:\/\/drillman.cl\/index.php\/producto\/perforacion-con-testiguera\/\" aria-label=\"Perforaci\u00f3n con testiguera en pilas de fundaci\u00f3n\"><img loading=\"lazy\" decoding=\"async\" width=\"600\" height=\"600\" src=\"https:\/\/drillman.cl\/wp-content\/uploads\/2024\/02\/Perforacion-con-Testiguera-1.jpg\" class=\"attachment-large size-large wp-post-image\" alt=\"\" srcset=\"https:\/\/drillman.cl\/wp-content\/uploads\/2024\/02\/Perforacion-con-Testiguera-1.jpg 600w, https:\/\/drillman.cl\/wp-content\/uploads\/2024\/02\/Perforacion-con-Testiguera-1-300x300.jpg 300w, https:\/\/drillman.cl\/wp-content\/uploads\/2024\/02\/Perforacion-con-Testiguera-1-150x150.jpg 150w\" sizes=\"(max-width: 600px) 100vw, 600px\" \/><\/a><\/div><a class=\"w-btn us-btn-style_1 usg_btn_1\" href=\"https:\/\/drillman.cl\/index.php\/producto\/perforacion-con-testiguera\/\"><span class=\"w-btn-label\">Ver M\u00e1s<\/span><\/a><\/div>\t\t<\/div>\r\n\t<\/article>\r\n<\/div><div class=\"w-grid-preloader\"><div class=\"g-preloader type_1\">\r\n\t<div><\/div>\r\n<\/div>\r\n<\/div>\t<div class=\"w-grid-json hidden\" onclick='return {&quot;action&quot;:&quot;us_ajax_grid&quot;,&quot;ajax_url&quot;:&quot;https:\\\/\\\/drillman.cl\\\/wp-admin\\\/admin-ajax.php&quot;,&quot;infinite_scroll&quot;:0,&quot;max_num_pages&quot;:1,&quot;pagination&quot;:&quot;regular&quot;,&quot;permalink_url&quot;:&quot;https:\\\/\\\/drillman.cl\\\/wp-json\\\/wp\\\/v2\\\/pages\\\/9281&quot;,&quot;template_vars&quot;:{&quot;columns&quot;:&quot;3&quot;,&quot;exclude_items&quot;:&quot;none&quot;,&quot;img_size&quot;:&quot;default&quot;,&quot;ignore_items_size&quot;:0,&quot;items_layout&quot;:&quot;9385&quot;,&quot;items_offset&quot;:&quot;1&quot;,&quot;load_animation&quot;:&quot;none&quot;,&quot;overriding_link&quot;:&quot;none&quot;,&quot;post_id&quot;:9281,&quot;query_args&quot;:{&quot;post_type&quot;:[&quot;product&quot;],&quot;post_status&quot;:[&quot;publish&quot;,&quot;acf-disabled&quot;],&quot;meta_query&quot;:[],&quot;tax_query&quot;:[{&quot;taxonomy&quot;:&quot;product_visibility&quot;,&quot;field&quot;:&quot;slug&quot;,&quot;terms&quot;:[&quot;exclude-from-catalog&quot;],&quot;operator&quot;:&quot;NOT IN&quot;}],&quot;posts_per_page&quot;:&quot;12&quot;},&quot;orderby_query_args&quot;:{&quot;orderby&quot;:{&quot;date&quot;:&quot;DESC&quot;}},&quot;type&quot;:&quot;grid&quot;,&quot;us_grid_ajax_index&quot;:1,&quot;us_grid_filter_params&quot;:null,&quot;us_grid_index&quot;:1,&quot;_us_grid_post_type&quot;:&quot;product&quot;}}'><\/div>\r\n\t<\/div><\/div><\/div><\/div><\/div><\/div><\/section>\n<\/div>","protected":false},"excerpt":{"rendered":"Perforaci\u00f3n de muro perforaci\u00f3n en pilas Perforaciones en placa prefabricada de hormig\u00f3n de 20 cent\u00edmetros de espesor Perforaci\u00f3n en hormig\u00f3n con corona Perforaciones en placa prefabricada de hormig\u00f3n Perforaci\u00f3n en muro de hormig\u00f3n Perforando muro con corona especial Perforaciones en muro de hormig\u00f3n armado Perforaci\u00f3n con Testiguera Perforaci\u00f3n Losa PERFORACIONES Perforando muro con corona especial","protected":false},"author":3,"featured_media":0,"parent":0,"menu_order":0,"comment_status":"closed","ping_status":"closed","template":"","meta":{"footnotes":""},"acf":[],"_links":{"self":[{"href":"https:\/\/drillman.cl\/index.php\/wp-json\/wp\/v2\/pages\/9281"}],"collection":[{"href":"https:\/\/drillman.cl\/index.php\/wp-json\/wp\/v2\/pages"}],"about":[{"href":"https:\/\/drillman.cl\/index.php\/wp-json\/wp\/v2\/types\/page"}],"author":[{"embeddable":true,"href":"https:\/\/drillman.cl\/index.php\/wp-json\/wp\/v2\/users\/3"}],"replies":[{"embeddable":true,"href":"https:\/\/drillman.cl\/index.php\/wp-json\/wp\/v2\/comments?post=9281"}],"version-history":[{"count":10,"href":"https:\/\/drillman.cl\/index.php\/wp-json\/wp\/v2\/pages\/9281\/revisions"}],"predecessor-version":[{"id":9393,"href":"https:\/\/drillman.cl\/index.php\/wp-json\/wp\/v2\/pages\/9281\/revisions\/9393"}],"wp:attachment":[{"href":"https:\/\/drillman.cl\/index.php\/wp-json\/wp\/v2\/media?parent=9281"}],"curies":[{"name":"wp","href":"https:\/\/api.w.org\/{rel}","templated":true}]}}