{"id":9572,"date":"2024-04-15T12:53:39","date_gmt":"2024-04-15T15:53:39","guid":{"rendered":"https:\/\/drillman.cl\/?page_id=9572"},"modified":"2025-07-25T12:17:53","modified_gmt":"2025-07-25T15:17:53","slug":"pulido-de-hormigon","status":"publish","type":"page","link":"https:\/\/drillman.cl\/index.php\/pulido-de-hormigon\/","title":{"rendered":"PULIDO DE HORMIG\u00d3N"},"content":{"rendered":"<div class=\"wpb-content-wrapper\"><section class=\"l-section wpb_row height_custom\"><div class=\"l-section-h i-cf\"><div class=\"g-cols vc_row via_flex valign_top type_default stacking_default\"><div class=\"vc_col-sm-12 wpb_column vc_column_container\"><div class=\"vc_column-inner\"><div class=\"wpb_wrapper\"><div class=\"w-separator size_medium\"><\/div><div class=\"w-separator size_medium\"><\/div><h1 class=\"w-text us_custom_6c608316 has_text_color\"><span class=\"w-text-h\"><span class=\"w-text-value\">PULIDO DE HORMIG\u00d3N<\/span><\/span><\/h1><div class=\"w-separator size_medium\"><\/div><div class=\"wpb_text_column us_custom_7eb8d4a7 has_text_color\"><div class=\"wpb_wrapper\"><p>El hormig\u00f3n pulido es una soluci\u00f3n ideal para utilizar en almacenes, industria alimentaria, qu\u00edmica, zonas de exposici\u00f3n de productos, tiendas y oficinas\u2026. Hoy en d\u00eda incluso en casas y departamentos.<\/p>\n<p>Aumenta la Durabilidad y Resistencia: El hormig\u00f3n pulido es notablemente m\u00e1s resistente que el hormig\u00f3n no tratado. Resiste mejor al desgaste, a la abrasi\u00f3n y a las manchas, lo que lo hace ideal para \u00e1reas de alto tr\u00e1fico, como se ve en pavimentos pulidos y suelos de cemento pulido.<\/p>\n<p>El hormig\u00f3n pulido tiene muchas ventajas, entre ellas:<\/p>\n<ul>\n<li>Resistencia e impermeabilidad: El hormig\u00f3n pulido es m\u00e1s resistente que el hormig\u00f3n no tratado y es altamente impermeable. Esto significa que los l\u00edquidos no se filtran ni deterioran la superficie que hay debajo.<\/li>\n<li>Acabado: El hormig\u00f3n pulido tiene un aspecto interesante y brillante y suave.<\/li>\n<li>Silencioso: El hormig\u00f3n pulido es un pavimento totalmente silencioso.<\/li>\n<li>Bajo mantenimiento: A diferencia de otros acabados de suelo, el hormig\u00f3n pulido no requiere ceras ni selladores frecuentes.<\/li>\n<li>Antideslizante: Los suelos de hormig\u00f3n pulido poseen una enorme capacidad de evitar los deslizamientos y por tanto las ca\u00eddas o resbalones.<\/li>\n<li>El hormig\u00f3n pulido aumenta la resistencia a la abrasi\u00f3n y a la rodadura.<\/li>\n<li>El hormig\u00f3n pulido reduce la absorci\u00f3n de l\u00edquidos.<\/li>\n<li>El hormig\u00f3n pulido aumenta el brillo del suelo.<\/li>\n<\/ul>\n<\/div><\/div><div class=\"w-separator size_medium\"><\/div><div class=\"w-grid type_grid layout_9385 cols_3 with_pagination\" id=\"us_grid_1\" data-filterable=\"true\"><style>#us_grid_1 .w-grid-item{padding:1.5rem}#us_grid_1 .w-grid-list{margin:-1.5rem -1.5rem 1.5rem}.w-grid + #us_grid_1 .w-grid-list,.w-grid-none + #us_grid_1 .w-grid-list{margin-top:1.5rem}@media (max-width:899px){#us_grid_1 .w-grid-item{width:50%}}@media (max-width:599px){#us_grid_1 .w-grid-list{margin:0}#us_grid_1 .w-grid-item{width:100%;padding:0;margin-bottom:1.5rem}}.layout_9385 .w-grid-item-h{}.layout_9385 .usg_post_image_1{height:300px!important}.layout_9385 .usg_vwrapper_1{border-radius:15px!important;border-color:#186FCC!important;animation-name:afc!important;padding:10px!important;border-style:solid!important;border-width:1 1 1 1px!important}.layout_9385 .usg_post_title_1{color:#186FCC!important;text-align:center!important;font-size:20px!important;font-weight:500!important;height:90px!important}.layout_9385 .usg_btn_1{color:#ffffff!important;text-align:center!important;background:#186FCC!important}@media (min-width:1025px) and (max-width:1280px){.layout_9385 .usg_post_title_1{color:#186FCC!important;text-align:center!important;font-size:16px!important;font-weight:500!important}}@media (min-width:601px) and (max-width:1024px){.layout_9385 .usg_post_title_1{color:#186FCC!important;text-align:center!important;font-size:16px!important;font-weight:500!important}}@media (max-width:600px){.layout_9385 .usg_post_title_1{color:#186FCC!important;text-align:center!important;font-size:16px!important;font-weight:500!important}}<\/style><div class=\"w-grid-list\">\t<article class=\"w-grid-item size_1x1 post-9447 product type-product status-publish has-post-thumbnail product_cat-pulido-de-hormigon first instock shipping-taxable product-type-simple\" data-id=\"9447\">\r\n\t\t<div class=\"w-grid-item-h\">\r\n\t\t\t\t\t\t<div class=\"w-vwrapper usg_vwrapper_1 us_animate_this align_none valign_top\"><h1 class=\"w-post-elm post_title usg_post_title_1 align_center woocommerce-loop-product__title color_link_inherit\"><a href=\"https:\/\/drillman.cl\/index.php\/producto\/pulido-de-pisos-de-hormigon\/\">Pulido diamantado de hormig\u00f3n<\/a><\/h1><div class=\"w-post-elm post_image usg_post_image_1 objectImg has_height stretched\"><a href=\"https:\/\/drillman.cl\/index.php\/producto\/pulido-de-pisos-de-hormigon\/\" aria-label=\"Pulido diamantado de hormig\u00f3n\"><img loading=\"lazy\" decoding=\"async\" width=\"1024\" height=\"638\" src=\"https:\/\/drillman.cl\/wp-content\/uploads\/2024\/02\/Pulido-diamentado-de-hormigon-1024x638.jpeg\" class=\"attachment-large size-large wp-post-image\" alt=\"\" srcset=\"https:\/\/drillman.cl\/wp-content\/uploads\/2024\/02\/Pulido-diamentado-de-hormigon-1024x638.jpeg 1024w, https:\/\/drillman.cl\/wp-content\/uploads\/2024\/02\/Pulido-diamentado-de-hormigon-300x187.jpeg 300w, https:\/\/drillman.cl\/wp-content\/uploads\/2024\/02\/Pulido-diamentado-de-hormigon-600x374.jpeg 600w, https:\/\/drillman.cl\/wp-content\/uploads\/2024\/02\/Pulido-diamentado-de-hormigon.jpeg 1170w\" sizes=\"(max-width: 1024px) 100vw, 1024px\" \/><\/a><\/div><a class=\"w-btn us-btn-style_1 usg_btn_1\" href=\"https:\/\/drillman.cl\/index.php\/producto\/pulido-de-pisos-de-hormigon\/\"><span class=\"w-btn-label\">Ver M\u00e1s<\/span><\/a><\/div>\t\t<\/div>\r\n\t<\/article>\r\n\t<article class=\"w-grid-item size_1x1 post-9443 product type-product status-publish has-post-thumbnail product_cat-pulido-de-hormigon  instock shipping-taxable product-type-simple\" data-id=\"9443\">\r\n\t\t<div class=\"w-grid-item-h\">\r\n\t\t\t\t\t\t<div class=\"w-vwrapper usg_vwrapper_1 us_animate_this align_none valign_top\"><h1 class=\"w-post-elm post_title usg_post_title_1 align_center woocommerce-loop-product__title color_link_inherit\"><a href=\"https:\/\/drillman.cl\/index.php\/producto\/hormigon-pulido-pisos-decorativos\/\">Pulido de pisos decorativos<\/a><\/h1><div class=\"w-post-elm post_image usg_post_image_1 objectImg has_height stretched\"><a href=\"https:\/\/drillman.cl\/index.php\/producto\/hormigon-pulido-pisos-decorativos\/\" aria-label=\"Pulido de pisos decorativos\"><img loading=\"lazy\" decoding=\"async\" width=\"646\" height=\"679\" src=\"https:\/\/drillman.cl\/wp-content\/uploads\/2024\/02\/hormigon-pulido-pisos-decorativos-2-e1708363207240.jpg\" class=\"attachment-large size-large wp-post-image\" alt=\"Hormig\u00f3n pulido pisos decorativos\" srcset=\"https:\/\/drillman.cl\/wp-content\/uploads\/2024\/02\/hormigon-pulido-pisos-decorativos-2-e1708363207240.jpg 646w, https:\/\/drillman.cl\/wp-content\/uploads\/2024\/02\/hormigon-pulido-pisos-decorativos-2-e1708363207240-285x300.jpg 285w, https:\/\/drillman.cl\/wp-content\/uploads\/2024\/02\/hormigon-pulido-pisos-decorativos-2-e1708363207240-600x631.jpg 600w\" sizes=\"(max-width: 646px) 100vw, 646px\" \/><\/a><\/div><a class=\"w-btn us-btn-style_1 usg_btn_1\" href=\"https:\/\/drillman.cl\/index.php\/producto\/hormigon-pulido-pisos-decorativos\/\"><span class=\"w-btn-label\">Ver M\u00e1s<\/span><\/a><\/div>\t\t<\/div>\r\n\t<\/article>\r\n\t<article class=\"w-grid-item size_1x1 post-9441 product type-product status-publish has-post-thumbnail product_cat-pulido-de-hormigon  instock shipping-taxable product-type-simple\" data-id=\"9441\">\r\n\t\t<div class=\"w-grid-item-h\">\r\n\t\t\t\t\t\t<div class=\"w-vwrapper usg_vwrapper_1 us_animate_this align_none valign_top\"><h1 class=\"w-post-elm post_title usg_post_title_1 align_center woocommerce-loop-product__title color_link_inherit\"><a href=\"https:\/\/drillman.cl\/index.php\/producto\/pulido-de-pisos-industriales\/\">Pulido de pisos industriales<\/a><\/h1><div class=\"w-post-elm post_image usg_post_image_1 objectImg has_height stretched\"><a href=\"https:\/\/drillman.cl\/index.php\/producto\/pulido-de-pisos-industriales\/\" aria-label=\"Pulido de pisos industriales\"><img loading=\"lazy\" decoding=\"async\" width=\"580\" height=\"580\" src=\"https:\/\/drillman.cl\/wp-content\/uploads\/2024\/02\/maquina-DURATIQ-T-5.jpg\" class=\"attachment-large size-large wp-post-image\" alt=\"maquina DURATIQ T-5\" srcset=\"https:\/\/drillman.cl\/wp-content\/uploads\/2024\/02\/maquina-DURATIQ-T-5.jpg 580w, https:\/\/drillman.cl\/wp-content\/uploads\/2024\/02\/maquina-DURATIQ-T-5-300x300.jpg 300w, https:\/\/drillman.cl\/wp-content\/uploads\/2024\/02\/maquina-DURATIQ-T-5-150x150.jpg 150w\" sizes=\"(max-width: 580px) 100vw, 580px\" \/><\/a><\/div><a class=\"w-btn us-btn-style_1 usg_btn_1\" href=\"https:\/\/drillman.cl\/index.php\/producto\/pulido-de-pisos-industriales\/\"><span class=\"w-btn-label\">Ver M\u00e1s<\/span><\/a><\/div>\t\t<\/div>\r\n\t<\/article>\r\n<\/div><div class=\"w-grid-preloader\"><div class=\"g-preloader type_1\">\r\n\t<div><\/div>\r\n<\/div>\r\n<\/div>\t<div class=\"w-grid-json hidden\" onclick='return {&quot;action&quot;:&quot;us_ajax_grid&quot;,&quot;ajax_url&quot;:&quot;https:\\\/\\\/drillman.cl\\\/wp-admin\\\/admin-ajax.php&quot;,&quot;infinite_scroll&quot;:0,&quot;max_num_pages&quot;:1,&quot;pagination&quot;:&quot;regular&quot;,&quot;permalink_url&quot;:&quot;https:\\\/\\\/drillman.cl\\\/wp-json\\\/wp\\\/v2\\\/pages\\\/9572&quot;,&quot;template_vars&quot;:{&quot;columns&quot;:&quot;3&quot;,&quot;exclude_items&quot;:&quot;none&quot;,&quot;img_size&quot;:&quot;default&quot;,&quot;ignore_items_size&quot;:0,&quot;items_layout&quot;:&quot;9385&quot;,&quot;items_offset&quot;:&quot;1&quot;,&quot;load_animation&quot;:&quot;none&quot;,&quot;overriding_link&quot;:&quot;none&quot;,&quot;post_id&quot;:9572,&quot;query_args&quot;:{&quot;post_type&quot;:[&quot;product&quot;],&quot;tax_query&quot;:[{&quot;taxonomy&quot;:&quot;product_cat&quot;,&quot;field&quot;:&quot;slug&quot;,&quot;terms&quot;:[&quot;pulido-de-hormigon&quot;]},{&quot;taxonomy&quot;:&quot;product_visibility&quot;,&quot;field&quot;:&quot;slug&quot;,&quot;terms&quot;:[&quot;exclude-from-catalog&quot;],&quot;operator&quot;:&quot;NOT IN&quot;}],&quot;post_status&quot;:[&quot;publish&quot;,&quot;acf-disabled&quot;],&quot;meta_query&quot;:[],&quot;posts_per_page&quot;:&quot;3&quot;},&quot;orderby_query_args&quot;:{&quot;orderby&quot;:{&quot;date&quot;:&quot;DESC&quot;}},&quot;type&quot;:&quot;grid&quot;,&quot;us_grid_ajax_index&quot;:1,&quot;us_grid_filter_params&quot;:null,&quot;us_grid_index&quot;:1,&quot;_us_grid_post_type&quot;:&quot;product&quot;}}'><\/div>\r\n\t<\/div><\/div><\/div><\/div><\/div><\/div><\/section>\n<\/div>","protected":false},"excerpt":{"rendered":"Pulido de pisos industriales Pulido de pisos de hormig\u00f3n Pulido pisos decorativos Pisos de hormig\u00f3n pulido Pulido de pavimentos Pisos de hormig\u00f3n pulido Pulido de hormig\u00f3n en seco Pulido de hormig\u00f3n superfloor Pulido de pavimentos Pulido de Hormig\u00f3n Pulido de pisos de hormig\u00f3n Pulido de pisos industriales Pulido y escarificado de pavimento Pulidora de concreto...","protected":false},"author":3,"featured_media":0,"parent":0,"menu_order":0,"comment_status":"closed","ping_status":"closed","template":"","meta":{"footnotes":""},"acf":[],"_links":{"self":[{"href":"https:\/\/drillman.cl\/index.php\/wp-json\/wp\/v2\/pages\/9572"}],"collection":[{"href":"https:\/\/drillman.cl\/index.php\/wp-json\/wp\/v2\/pages"}],"about":[{"href":"https:\/\/drillman.cl\/index.php\/wp-json\/wp\/v2\/types\/page"}],"author":[{"embeddable":true,"href":"https:\/\/drillman.cl\/index.php\/wp-json\/wp\/v2\/users\/3"}],"replies":[{"embeddable":true,"href":"https:\/\/drillman.cl\/index.php\/wp-json\/wp\/v2\/comments?post=9572"}],"version-history":[{"count":13,"href":"https:\/\/drillman.cl\/index.php\/wp-json\/wp\/v2\/pages\/9572\/revisions"}],"predecessor-version":[{"id":9586,"href":"https:\/\/drillman.cl\/index.php\/wp-json\/wp\/v2\/pages\/9572\/revisions\/9586"}],"wp:attachment":[{"href":"https:\/\/drillman.cl\/index.php\/wp-json\/wp\/v2\/media?parent=9572"}],"curies":[{"name":"wp","href":"https:\/\/api.w.org\/{rel}","templated":true}]}}